{"id":69,"date":"2013-02-01T14:24:02","date_gmt":"2013-02-01T14:24:02","guid":{"rendered":"http:\/\/mbms.exnovollc.com\/?page_id=69"},"modified":"2018-02-16T02:35:32","modified_gmt":"2018-02-16T02:35:32","slug":"product-management","status":"publish","type":"page","link":"https:\/\/mbms.eu\/de\/product-management\/","title":{"rendered":"Product Management"},"content":{"rendered":"<p><\/p>\n<div class=\"one-fifth\">\n<ul>\n<li><a href=\"\/de\/services\/\" title=\"Services\">Vertrieb<\/a><\/li>\n<li><a title=\"Marketing  &amp; Public Relations\" href=\"\/de\/marketing-public-relations\/\">Marketing &amp; PR<\/a><\/li>\n<li style=\"color:#F26522\">Produktbetreuung<\/li>\n<li><a title=\"Consulting\" href=\"\/de\/consulting\/\">Consulting<\/a><\/li>\n<\/ul>\n<\/div>\n<div class=\"four-fifths\">\nMBMs wird sich nicht von Produkten trennen, die kurzfristig schw\u00e4chere Performance aufweisen bzw in der Asset Allocation der Investoren zeitweise untergewichtet sind. Wir verstehen unsere Asset Manager als langfristige strategische Partner und stellen sicher, dass die Produkte jederzeit allen Investor-Segmenten angeboten werden und somit nicht nur von einem Kundenkreis abh\u00e4ngen. <\/p>\n<p>Die Auswahl unserer Partner spiegelt eine Asset-Klassen Diversifizierung wider, die sowohl unterschiedliche M\u00e4rkte als auch Investment-Stile und -Prozesse abdeckt. Dabei gilt die Grundregel, dass einzelne Stile \/ Asset-Klassen bzw Prozess- \u201cBoxen\u201d nur einmal besetzt werden. <\/p>\n<p>Ein breiteres Fondsangebot erm\u00f6glicht es, im st\u00e4ndigen Dialog mit Fondsanalysten bzw Dachfondsmanagern zu bleiben da diese unterschiedliche Bed\u00fcrfnisse haben und mehrere Asset-Klassen fortlaufend verfolgen und abdecken.\n<\/p><\/div>\n<p><\/p>","protected":false},"excerpt":{"rendered":"<p>Vertrieb Marketing &amp; PR Produktbetreuung Consulting MBMs wird sich nicht von Produkten trennen, die kurzfristig schw\u00e4chere Performance aufweisen bzw in der Asset Allocation der Investoren zeitweise untergewichtet sind. Wir verstehen unsere Asset Manager als langfristige strategische Partner und stellen sicher, dass die Produkte jederzeit allen Investor-Segmenten angeboten werden und somit nicht nur von einem Kundenkreis [&hellip;]<\/p>\n","protected":false},"author":2,"featured_media":0,"parent":0,"menu_order":0,"comment_status":"open","ping_status":"closed","template":"","meta":{"_monsterinsights_skip_tracking":false,"_monsterinsights_sitenote_active":false,"_monsterinsights_sitenote_note":"","_monsterinsights_sitenote_category":0,"footnotes":""},"class_list":["post-69","page","type-page","status-publish","hentry","entry"],"_links":{"self":[{"href":"https:\/\/mbms.eu\/de\/wp-json\/wp\/v2\/pages\/69","targetHints":{"allow":["GET"]}}],"collection":[{"href":"https:\/\/mbms.eu\/de\/wp-json\/wp\/v2\/pages"}],"about":[{"href":"https:\/\/mbms.eu\/de\/wp-json\/wp\/v2\/types\/page"}],"author":[{"embeddable":true,"href":"https:\/\/mbms.eu\/de\/wp-json\/wp\/v2\/users\/2"}],"replies":[{"embeddable":true,"href":"https:\/\/mbms.eu\/de\/wp-json\/wp\/v2\/comments?post=69"}],"version-history":[{"count":22,"href":"https:\/\/mbms.eu\/de\/wp-json\/wp\/v2\/pages\/69\/revisions"}],"predecessor-version":[{"id":1762,"href":"https:\/\/mbms.eu\/de\/wp-json\/wp\/v2\/pages\/69\/revisions\/1762"}],"wp:attachment":[{"href":"https:\/\/mbms.eu\/de\/wp-json\/wp\/v2\/media?parent=69"}],"curies":[{"name":"wp","href":"https:\/\/api.w.org\/{rel}","templated":true}]}}