{"id":59,"date":"2012-10-22T21:57:58","date_gmt":"2012-10-22T21:57:58","guid":{"rendered":"http:\/\/mbms.exnovollc.com\/?page_id=59"},"modified":"2018-02-16T02:36:17","modified_gmt":"2018-02-16T02:36:17","slug":"consulting","status":"publish","type":"page","link":"https:\/\/mbms.eu\/de\/consulting\/","title":{"rendered":"Consulting"},"content":{"rendered":"<p><\/p>\n<div class=\"one-fifth\">\n<ul>\n<li><a title=\"Sales\" href=\"\/de\/services\/\">Vertrieb<\/a><\/li>\n<li><a title=\"Marketing  &amp; Public Relations\" href=\"\/de\/marketing-public-relations\/\">Marketing \/ PR<\/a><\/li>\n<li><a href=\"\/de\/product-management\/\" title=\"Product Management\">Produktbetreuung<\/a><\/li>\n<li style=\"color: #f26522\">Consulting<\/li>\n<\/ul>\n<\/div>\n<div class=\"four-fifths\">\n<p>MBMs bietet Asset Managern in den folgenden Bereichen Beratungsleistungen an:<\/p>\n<p><span style=\"color: #006785\">Strukturierung &amp; Produktmanagement<\/span><br \/>\n<span style=\"color: #006785\">Vertrieb allgemein<\/span><br \/>\n<span style=\"color: #006785\">Vertriebsinfrastruktur<\/span><\/p>\n<p>Dabei werden Unternehmenskultur, Strategie, Produktst\u00e4rken, verf\u00fcgbare Ressourcen und vorl\u00e4ufige Vertriebspl\u00e4ne des Asset Managers Ber\u00fccksichtigung finden. Bestehende Strukturen (sowohl in Bezug auf Produkte, als auch in Bezug auf Unternehmenseinheiten) werden dabei einbezogen.<\/p>\n<h2><span style=\"color: #006785\">Strukturierung &amp; Produktmanagement<\/span><\/h2>\n<p>MBMs ber\u00e4t bei Fragen zu<\/p>\n<ul>\n<li>Fonds-Standort: Luxemburg, Irland, Deutschland etc.<\/li>\n<li>Dienstleister: Administratoren, Transfer Agenten, Depotbank, Juristen, Management Companies, etc.<\/li>\n<li>Fondsstruktur: OGAW oder OGA in Vertragsform oder als Juristische Person<\/li>\n<li>Anteilsklassen: Preispolitik, Aussch\u00fcttung vs. Thesaurierung, W\u00e4hrungen, etc.<\/li>\n<\/ul>\n<h2><span style=\"color: #006785\">Vertrieb allgemein<\/span><\/h2>\n<p>MBMs ber\u00e4t bzgl.<\/p>\n<ul>\n<li>Zielm\u00e4rkten<\/li>\n<li>Vertriebskan\u00e4len<\/li>\n<li>Registrierung zum Vertrieb<\/li>\n<li>Produktinformationen (KIID, Factsheets, Sprache)<\/li>\n<li>Produktvisibilit\u00e4t (Fondsdatenbanken, Ver\u00f6ffentlichung der Preise und Steuerdaten)<\/li>\n<\/ul>\n<h2><span style=\"color: #006785\">Vertriebsinfrastruktur<\/span><\/h2>\n<p>MBMs ber\u00e4t bei<\/p>\n<ul>\n<li>Set-up der Transfer Agenten in Bezug auf Vertriebsvereinbarungen und der Transparenz der Anteilinhaber<\/li>\n<li>Berechnung und Auszahlung der Bestandsverg\u00fctungen<\/li>\n<li>Vertriebsunterst\u00fctzung und Auswahl von Vertriebspersonal vor Ort<\/li>\n<\/ul>\n<p><\/p>","protected":false},"excerpt":{"rendered":"<p>Vertrieb Marketing \/ PR Produktbetreuung Consulting MBMs bietet Asset Managern in den folgenden Bereichen Beratungsleistungen an: Strukturierung &amp; Produktmanagement Vertrieb allgemein Vertriebsinfrastruktur Dabei werden Unternehmenskultur, Strategie, Produktst\u00e4rken, verf\u00fcgbare Ressourcen und vorl\u00e4ufige Vertriebspl\u00e4ne des Asset Managers Ber\u00fccksichtigung finden. Bestehende Strukturen (sowohl in Bezug auf Produkte, als auch in Bezug auf Unternehmenseinheiten) werden dabei einbezogen. Strukturierung &amp; [&hellip;]<\/p>\n","protected":false},"author":2,"featured_media":0,"parent":0,"menu_order":0,"comment_status":"open","ping_status":"closed","template":"","meta":{"_monsterinsights_skip_tracking":false,"_monsterinsights_sitenote_active":false,"_monsterinsights_sitenote_note":"","_monsterinsights_sitenote_category":0,"footnotes":""},"class_list":["post-59","page","type-page","status-publish","hentry","entry"],"_links":{"self":[{"href":"https:\/\/mbms.eu\/de\/wp-json\/wp\/v2\/pages\/59","targetHints":{"allow":["GET"]}}],"collection":[{"href":"https:\/\/mbms.eu\/de\/wp-json\/wp\/v2\/pages"}],"about":[{"href":"https:\/\/mbms.eu\/de\/wp-json\/wp\/v2\/types\/page"}],"author":[{"embeddable":true,"href":"https:\/\/mbms.eu\/de\/wp-json\/wp\/v2\/users\/2"}],"replies":[{"embeddable":true,"href":"https:\/\/mbms.eu\/de\/wp-json\/wp\/v2\/comments?post=59"}],"version-history":[{"count":64,"href":"https:\/\/mbms.eu\/de\/wp-json\/wp\/v2\/pages\/59\/revisions"}],"predecessor-version":[{"id":1764,"href":"https:\/\/mbms.eu\/de\/wp-json\/wp\/v2\/pages\/59\/revisions\/1764"}],"wp:attachment":[{"href":"https:\/\/mbms.eu\/de\/wp-json\/wp\/v2\/media?parent=59"}],"curies":[{"name":"wp","href":"https:\/\/api.w.org\/{rel}","templated":true}]}}