{"id":58,"date":"2012-10-22T21:55:21","date_gmt":"2012-10-22T21:55:21","guid":{"rendered":"http:\/\/mbms.exnovollc.com\/?page_id=58"},"modified":"2018-02-18T01:34:56","modified_gmt":"2018-02-18T01:34:56","slug":"marketing-public-relations","status":"publish","type":"page","link":"https:\/\/mbms.eu\/de\/marketing-public-relations\/","title":{"rendered":"Marketing  &#038; Public Relations"},"content":{"rendered":"<p><\/p>\n<div class=\"one-fifth\">\n<ul>\n<li><a title=\"Sales\" href=\"\/de\/services\/\">Vertrieb<\/a><\/li>\n<li style=\"color: #f26522\">Marketing \/ PR<\/li>\n<li><a href=\"\/de\/product-management\/\" title=\"Product Management\">Produktbetreuung<\/a><\/li>\n<li><a title=\"Consulting\" href=\"\/de\/consulting\/\">Consulting<\/a><\/li>\n<\/ul>\n<\/div>\n<div class=\"four-fifths\">\nEin wesentlicher Punkt f\u00fcr den Erfolg eines Multi-Produkt Vertriebskonzeptes ist richtige Positionierung der jeweiligen Asset Manager \u201cBrands\u201d, die wir vertreten. Damit schaffen wir eine klare Unterscheidung zu den sogenannten \u201csub-advisory\u201d oder \u201cwhite label\u201d Konzepten. <\/p>\n<p>MBMs entwickelt f\u00fcr jeden Asset Manager eine ma\u00dfgeschneiderte Marketing- und Presse Strategie basierend auf der klaren Positionierung des Managers sowie der Besonderheiten bzw des Mehrwertes der Produktpalette. Unter Nutzung unserer langj\u00e4hrigen Kontakte zu Fach-Journalisten, Konferenz Anbietern und PR Agenturen helfen wir, den richtigen Markteintritt zu schaffen und somit eine gr\u00f6\u00dftm\u00f6gliche Zahl von Investoren zu erreichen<\/p>\n<p>MBMs hilft bei der Erstellung bzw \u00dcbersetzung von Marketing Unterlagen, Produktpr\u00e4sentationen und Factsheets sowie erstellt eine effiziente Agenda f\u00fcr Investmentkonferenzen und individuellen Roadshows. Aktuelle Produkt- bzw Performance-Informationen werden regelm\u00e4\u00dfig auf dieser website den Investoren zur Verf\u00fcgung gestellt. <\/p>\n<p>MBMs bietet jedem Asset Manager ein integriertes Vertriebskonzept, das sich logisch aus der Marketing bzw PR Strategie ergibt.\n<\/p><\/div>\n<p><\/p>","protected":false},"excerpt":{"rendered":"<p>Vertrieb Marketing \/ PR Produktbetreuung Consulting Ein wesentlicher Punkt f\u00fcr den Erfolg eines Multi-Produkt Vertriebskonzeptes ist richtige Positionierung der jeweiligen Asset Manager \u201cBrands\u201d, die wir vertreten. Damit schaffen wir eine klare Unterscheidung zu den sogenannten \u201csub-advisory\u201d oder \u201cwhite label\u201d Konzepten. MBMs entwickelt f\u00fcr jeden Asset Manager eine ma\u00dfgeschneiderte Marketing- und Presse Strategie basierend auf der [&hellip;]<\/p>\n","protected":false},"author":2,"featured_media":0,"parent":0,"menu_order":0,"comment_status":"open","ping_status":"closed","template":"","meta":{"_monsterinsights_skip_tracking":false,"_monsterinsights_sitenote_active":false,"_monsterinsights_sitenote_note":"","_monsterinsights_sitenote_category":0,"footnotes":""},"class_list":["post-58","page","type-page","status-publish","hentry","entry"],"_links":{"self":[{"href":"https:\/\/mbms.eu\/de\/wp-json\/wp\/v2\/pages\/58","targetHints":{"allow":["GET"]}}],"collection":[{"href":"https:\/\/mbms.eu\/de\/wp-json\/wp\/v2\/pages"}],"about":[{"href":"https:\/\/mbms.eu\/de\/wp-json\/wp\/v2\/types\/page"}],"author":[{"embeddable":true,"href":"https:\/\/mbms.eu\/de\/wp-json\/wp\/v2\/users\/2"}],"replies":[{"embeddable":true,"href":"https:\/\/mbms.eu\/de\/wp-json\/wp\/v2\/comments?post=58"}],"version-history":[{"count":47,"href":"https:\/\/mbms.eu\/de\/wp-json\/wp\/v2\/pages\/58\/revisions"}],"predecessor-version":[{"id":1978,"href":"https:\/\/mbms.eu\/de\/wp-json\/wp\/v2\/pages\/58\/revisions\/1978"}],"wp:attachment":[{"href":"https:\/\/mbms.eu\/de\/wp-json\/wp\/v2\/media?parent=58"}],"curies":[{"name":"wp","href":"https:\/\/api.w.org\/{rel}","templated":true}]}}