{"id":57,"date":"2012-10-22T21:54:50","date_gmt":"2012-10-22T21:54:50","guid":{"rendered":"http:\/\/mbms.exnovollc.com\/?page_id=57"},"modified":"2018-02-16T02:35:14","modified_gmt":"2018-02-16T02:35:14","slug":"sales","status":"publish","type":"page","link":"https:\/\/mbms.eu\/de\/sales\/","title":{"rendered":"Sales"},"content":{"rendered":"<p>MBMs bietet professionelle Unterst\u00fctzung im Bereich Fondsvertrieb sowohl f\u00fcr Intermedi\u00e4re als auch f\u00fcr institutionelle Anleger \u2013 und geh\u00f6rt zu den ersten Dritt-Anbietern im Multi-Boutique Mantel. Durch die langj\u00e4hrige Erfahrung in der Betreuung von Investoren in den M\u00e4rkten Deutschland, Luxemburg, \u00d6sterreich und der Schweiz verf\u00fcgen wir \u00fcber ein solides Netzwerk von Kontakten. <\/p>\n<p>MBMs bietet sofortigen Zugang zu den wichtigsten Vertriebskan\u00e4len in den jeweiligen L\u00e4ndern und spricht dabei sowohl institutionelle End-Investoren als auch Fonds Analysten und Intermedi\u00e4re an. Aufgrund langj\u00e4hriger Erfahrung und vertrauensvoller Kontakte sprechen wir gezielt die richtigen Investoren f\u00fcr das passende Produktangebot an.<\/p>\n<p>MBMs \u00f6ffnet 4 wichtige europ\u00e4ische M\u00e4rkte f\u00fcr ausl\u00e4ndische Asset Manager zu geringen Start-up sowie laufenden Kosten. Dies erm\u00f6glicht eine effizientere Marktabdeckung als dies durch Vertriebsteams aus einem zentralen Standort geleistet werden kann. <\/p>\n<p>MBM\u2019s Aktivit\u00e4ten st\u00fctzen sich auf interne Vertriebsunterst\u00fctzung die typischerweise vom Asset Manager geleistet wird sowie auf eine Vertriebsinfrastruktur in den jeweiligen L\u00e4ndern.<br \/>\n<\/p>","protected":false},"excerpt":{"rendered":"<p>MBMs bietet professionelle Unterst\u00fctzung im Bereich Fondsvertrieb sowohl f\u00fcr Intermedi\u00e4re als auch f\u00fcr institutionelle Anleger \u2013 und geh\u00f6rt zu den ersten Dritt-Anbietern im Multi-Boutique Mantel. Durch die langj\u00e4hrige Erfahrung in der Betreuung von Investoren in den M\u00e4rkten Deutschland, Luxemburg, \u00d6sterreich und der Schweiz verf\u00fcgen wir \u00fcber ein solides Netzwerk von Kontakten. MBMs bietet sofortigen Zugang [&hellip;]<\/p>\n","protected":false},"author":2,"featured_media":0,"parent":0,"menu_order":0,"comment_status":"open","ping_status":"closed","template":"","meta":{"_monsterinsights_skip_tracking":false,"_monsterinsights_sitenote_active":false,"_monsterinsights_sitenote_note":"","_monsterinsights_sitenote_category":0,"footnotes":""},"class_list":["post-57","page","type-page","status-publish","hentry","entry"],"_links":{"self":[{"href":"https:\/\/mbms.eu\/de\/wp-json\/wp\/v2\/pages\/57","targetHints":{"allow":["GET"]}}],"collection":[{"href":"https:\/\/mbms.eu\/de\/wp-json\/wp\/v2\/pages"}],"about":[{"href":"https:\/\/mbms.eu\/de\/wp-json\/wp\/v2\/types\/page"}],"author":[{"embeddable":true,"href":"https:\/\/mbms.eu\/de\/wp-json\/wp\/v2\/users\/2"}],"replies":[{"embeddable":true,"href":"https:\/\/mbms.eu\/de\/wp-json\/wp\/v2\/comments?post=57"}],"version-history":[{"count":25,"href":"https:\/\/mbms.eu\/de\/wp-json\/wp\/v2\/pages\/57\/revisions"}],"predecessor-version":[{"id":1761,"href":"https:\/\/mbms.eu\/de\/wp-json\/wp\/v2\/pages\/57\/revisions\/1761"}],"wp:attachment":[{"href":"https:\/\/mbms.eu\/de\/wp-json\/wp\/v2\/media?parent=57"}],"curies":[{"name":"wp","href":"https:\/\/api.w.org\/{rel}","templated":true}]}}